{"id":30737,"date":"2023-07-27T16:22:27","date_gmt":"2023-07-27T14:22:27","guid":{"rendered":"https:\/\/zero.bs\/?page_id=30737"},"modified":"2025-02-26T10:25:56","modified_gmt":"2025-02-26T09:25:56","slug":"jobs-karriere-zerobs-gmbh","status":"publish","type":"page","link":"https:\/\/zero.bs\/en\/jobs-karriere-zerobs-gmbh\/","title":{"rendered":"Jobs"},"content":{"rendered":"<div data-elementor-type=\"wp-page\" data-elementor-id=\"30737\" class=\"elementor elementor-30737\" data-elementor-post-type=\"page\">\n\t\t\t\t\t\t<section class=\"ob-is-breaking-bad elementor-section elementor-top-section elementor-element elementor-element-8489562 elementor-section-content-middle elementor-section-boxed elementor-section-height-default elementor-section-height-default neuron-fixed-no\" data-id=\"8489562\" data-element_type=\"section\" data-settings=\"{&quot;_ob_bbad_use_it&quot;:&quot;yes&quot;,&quot;_ob_bbad_sssic_use&quot;:&quot;no&quot;,&quot;_ob_glider_is_slider&quot;:&quot;no&quot;}\">\n\t\t\t\t\t\t<div class=\"elementor-container elementor-column-gap-extended\">\n\t\t\t\t\t<div class=\"elementor-column elementor-col-100 elementor-top-column elementor-element elementor-element-b8ac513\" data-id=\"b8ac513\" data-element_type=\"column\" data-settings=\"{&quot;_ob_bbad_is_stalker&quot;:&quot;no&quot;,&quot;_ob_teleporter_use&quot;:false,&quot;_ob_column_hoveranimator&quot;:&quot;no&quot;,&quot;_ob_column_has_pseudo&quot;:&quot;no&quot;}\">\n\t\t\t<div class=\"elementor-widget-wrap elementor-element-populated\">\n\t\t\t\t\t\t<div class=\"elementor-element elementor-element-4b5eb25 ob-harakiri-inherit ob-has-background-overlay elementor-widget elementor-widget-heading\" data-id=\"4b5eb25\" data-element_type=\"widget\" data-settings=\"{&quot;_ob_use_harakiri&quot;:&quot;yes&quot;,&quot;_ob_harakiri_writing_mode&quot;:&quot;inherit&quot;,&quot;_ob_harakiri_text_clip&quot;:&quot;none&quot;,&quot;_ob_perspektive_use&quot;:&quot;no&quot;,&quot;_ob_poopart_use&quot;:&quot;yes&quot;,&quot;_ob_shadough_use&quot;:&quot;no&quot;,&quot;_ob_allow_hoveranimator&quot;:&quot;no&quot;,&quot;_ob_widget_stalker_use&quot;:&quot;no&quot;}\" data-widget_type=\"heading.default\">\n\t\t\t\t<div class=\"elementor-widget-container\">\n\t\t\t\t\t<h2 class=\"elementor-heading-title elementor-size-default\">Jobs<\/h2>\t\t\t\t<\/div>\n\t\t\t\t<\/div>\n\t\t\t\t\t<\/div>\n\t\t<\/div>\n\t\t\t\t\t<\/div>\n\t\t<\/section>\n\t\t\t\t<section class=\"ob-is-breaking-bad elementor-section elementor-top-section elementor-element elementor-element-fb104a0 elementor-section-boxed elementor-section-height-default elementor-section-height-default neuron-fixed-no\" data-id=\"fb104a0\" data-element_type=\"section\" data-settings=\"{&quot;_ob_bbad_use_it&quot;:&quot;yes&quot;,&quot;_ob_bbad_sssic_use&quot;:&quot;no&quot;,&quot;_ob_glider_is_slider&quot;:&quot;no&quot;}\">\n\t\t\t\t\t\t<div class=\"elementor-container elementor-column-gap-default\">\n\t\t\t\t\t<div class=\"elementor-column elementor-col-100 elementor-top-column elementor-element elementor-element-1d56c28\" data-id=\"1d56c28\" data-element_type=\"column\" data-settings=\"{&quot;_ob_bbad_is_stalker&quot;:&quot;no&quot;,&quot;_ob_teleporter_use&quot;:false,&quot;_ob_column_hoveranimator&quot;:&quot;no&quot;,&quot;_ob_column_has_pseudo&quot;:&quot;no&quot;}\">\n\t\t\t<div class=\"elementor-widget-wrap elementor-element-populated\">\n\t\t\t\t\t\t<div class=\"elementor-element elementor-element-f74f0b8 ob-has-background-overlay elementor-widget elementor-widget-accordion\" data-id=\"f74f0b8\" data-element_type=\"widget\" data-settings=\"{&quot;_ob_perspektive_use&quot;:&quot;no&quot;,&quot;_ob_poopart_use&quot;:&quot;yes&quot;,&quot;_ob_shadough_use&quot;:&quot;no&quot;,&quot;_ob_allow_hoveranimator&quot;:&quot;no&quot;,&quot;_ob_widget_stalker_use&quot;:&quot;no&quot;}\" data-widget_type=\"accordion.default\">\n\t\t\t\t<div class=\"elementor-widget-container\">\n\t\t\t\t\t\t\t<div class=\"elementor-accordion\">\n\t\t\t\t\t\t\t<div class=\"elementor-accordion-item\">\n\t\t\t\t\t<div id=\"elementor-tab-title-2591\" class=\"elementor-tab-title\" data-tab=\"1\" role=\"button\" aria-controls=\"elementor-tab-content-2591\" aria-expanded=\"false\">\n\t\t\t\t\t\t\t\t\t\t\t\t\t<span class=\"elementor-accordion-icon elementor-accordion-icon-left\" aria-hidden=\"true\">\n\t\t\t\t\t\t\t\t\t\t\t\t\t\t\t<span class=\"elementor-accordion-icon-closed\"><i class=\"fas fa-plus\"><\/i><\/span>\n\t\t\t\t\t\t\t\t<span class=\"elementor-accordion-icon-opened\"><i class=\"fas fa-minus\"><\/i><\/span>\n\t\t\t\t\t\t\t\t\t\t\t\t\t\t<\/span>\n\t\t\t\t\t\t\t\t\t\t\t\t<a class=\"elementor-accordion-title\" tabindex=\"0\">Wir suchen Verst\u00e4rkung \/ Werkstudenten im Admin- \/ Operating-Team<\/a>\n\t\t\t\t\t<\/div>\n\t\t\t\t\t<div id=\"elementor-tab-content-2591\" class=\"elementor-tab-content elementor-clearfix\" data-tab=\"1\" role=\"region\" aria-labelledby=\"elementor-tab-title-2591\"><p>Zum Betrieb webbasierter Infrastruktur suchen wir Verst\u00e4rkung im Bereich Admin- \/ Operations-Team (Senior- und \/ oder Junior-Stellen verf\u00fcgbar). Die Stelle ist f\u00fcr 20-30h\/Woche konzipiert.<br \/>Du bist verantwortlich f\u00fcr den reibungslosen Betrieb und Ausbau unserer Infrastruktur und eingebunden in ein Team aus Entwicklern und Benutzern (Fach-Anwender, keine End-User!).<\/p><h4>Das ideale Bewerberprofil<\/h4><ul><li>Erfahrung im Betrieb von 24\/7 &#8211; IT-Infrastruktur<\/li><li>Security-affin<\/li><li>gutes Verst\u00e4ndnis von Netzen, Servern und Services<\/li><li>Teamf\u00e4hig und Verst\u00e4ndnis f\u00fcr Entwickler, Tester und Benutzer<\/li><li>Du wei\u00dft, was Deploymentzyklen sind und kannst diese begleiten und weiterentwickeln<\/li><li>Spa\u00df am Testen und Erarbeiten von L\u00f6sungen mit dem Team<\/li><li>Python3 etwas \u00fcber Junior-Niveau<\/li><li>Linux, Automation, Monitoring<\/li><li>Selbst\u00e4ndigkeit und Selbstorganisation<\/li><\/ul><h4>Was wir bieten<\/h4><ul><li>hohes Ma\u00df an eigenst\u00e4ndigem Arbeiten<\/li><li>moderne Technologien<\/li><li>anst\u00e4ndige Bezahlung<\/li><li>wir haben unser eigenes Cybier<\/li><li>hauseigenes Catering bei Events<\/li><li>ausreichend Freiraum f\u00fcr F&amp;E &#8211; T\u00e4tigkeiten \u2013\u00a0 sofern Interesse deinerseits vorhanden ist<\/li><li>Remote-Arbeit m\u00f6glich, aber ab und an wirst Du eine Woche in Kiel mit uns im HQ verbringen m\u00fcssen (aktuell ca. 4x\/Jahr)<\/li><\/ul><h4>About us<\/h4><p>Die zeroBS GmbH bietet Beratungs- und Entwicklungsdienstleistungen im Bereich Informations- und Datensicherheit f\u00fcr Rechenzentren, E-Commerce, Datenaustausch und Telekommunikation.<br \/>Wir entwickeln Systeme und Produkte f\u00fcr Banken und Versicherungen, beliefern weltweit CERTs und SOCs mit Daten und Analysen &#8211; und haben eigene Produkte im Security-Umfeld etabliert.<\/p><p>Bei Interesse an dem Arbeitsangebot freuen wir uns auf eine Bewerbung an: jobs@zero.bs<\/p><\/div>\n\t\t\t\t<\/div>\n\t\t\t\t\t\t\t<div class=\"elementor-accordion-item\">\n\t\t\t\t\t<div id=\"elementor-tab-title-2592\" class=\"elementor-tab-title\" data-tab=\"2\" role=\"button\" aria-controls=\"elementor-tab-content-2592\" aria-expanded=\"false\">\n\t\t\t\t\t\t\t\t\t\t\t\t\t<span class=\"elementor-accordion-icon elementor-accordion-icon-left\" aria-hidden=\"true\">\n\t\t\t\t\t\t\t\t\t\t\t\t\t\t\t<span class=\"elementor-accordion-icon-closed\"><i class=\"fas fa-plus\"><\/i><\/span>\n\t\t\t\t\t\t\t\t<span class=\"elementor-accordion-icon-opened\"><i class=\"fas fa-minus\"><\/i><\/span>\n\t\t\t\t\t\t\t\t\t\t\t\t\t\t<\/span>\n\t\t\t\t\t\t\t\t\t\t\t\t<a class=\"elementor-accordion-title\" tabindex=\"0\">Reinforcement wanted \u2013 Working students \u2013 IT<\/a>\n\t\t\t\t\t<\/div>\n\t\t\t\t\t<div id=\"elementor-tab-content-2592\" class=\"elementor-tab-content elementor-clearfix\" data-tab=\"2\" role=\"region\" aria-labelledby=\"elementor-tab-title-2592\"><p>To operate web-based infrastructure, we are looking for <b>reinforcements in the Admin-\/Operations-team<\/b> (Senior and Junior positions available) with <b>20-30 hours work per week<\/b>. You are responsible for the smooth operation and expansion of our infrastructure and integrated into a team of developers and users (specialist users, not end users!).<\/p><h4>Ideal candidate profile:<\/h4><ul><li>Experience in the operation of 24\/7 IT infrastructure<\/li><li>Security-affine<\/li><li>Good understanding of networks, servers and services<\/li><li>Team player and understanding of developers, testers and users<\/li><li>You know what deployment cycles are and can accompany and develop them further<\/li><li>Enjoy testing and developing solutions with the team<\/li><li>Python3 a little above junior level<\/li><li>Linux, automation, monitoring<\/li><li>Independence and self-organisation<\/li><\/ul><h4>What we offer<\/h4><ul><li>high degree of independent work<\/li><li>modern technologies<\/li><li>decent payment<\/li><li>we have our own cyb(i)eer<\/li><li>in-house catering for events<\/li><li>enough space for R&amp;D &#8211; activities, if you are interested in it<\/li><li>remote work possible, but you will have to spend a week in Kiel with us at HQ (about four times per year)<\/li><\/ul><h4>About<\/h4><p>zeroBS offers consulting and development services in the field of information and data security for data centres, e-commerce, data exchange and telecommunications.<\/p><p>We develop systems and products for banks and insurance companies, supply CERTs and SOCs worldwide with data and analyses and have established our own products in the security environment.<\/p><p>if you are interested, we look forward to receiving your application at <a href=\"mailto:jobs@zero.bs\">jobs@zero.bs<\/a><\/p><\/div>\n\t\t\t\t<\/div>\n\t\t\t\t\t\t\t\t<\/div>\n\t\t\t\t\t\t<\/div>\n\t\t\t\t<\/div>\n\t\t\t\t<div class=\"elementor-element elementor-element-dc0a972 ob-has-background-overlay elementor-widget elementor-widget-accordion\" data-id=\"dc0a972\" data-element_type=\"widget\" data-settings=\"{&quot;_ob_perspektive_use&quot;:&quot;no&quot;,&quot;_ob_poopart_use&quot;:&quot;yes&quot;,&quot;_ob_shadough_use&quot;:&quot;no&quot;,&quot;_ob_allow_hoveranimator&quot;:&quot;no&quot;,&quot;_ob_widget_stalker_use&quot;:&quot;no&quot;}\" data-widget_type=\"accordion.default\">\n\t\t\t\t<div class=\"elementor-widget-container\">\n\t\t\t\t\t\t\t<div class=\"elementor-accordion\">\n\t\t\t\t\t\t\t<div class=\"elementor-accordion-item\">\n\t\t\t\t\t<div id=\"elementor-tab-title-2301\" class=\"elementor-tab-title\" data-tab=\"1\" role=\"button\" aria-controls=\"elementor-tab-content-2301\" aria-expanded=\"false\">\n\t\t\t\t\t\t\t\t\t\t\t\t\t<span class=\"elementor-accordion-icon elementor-accordion-icon-left\" aria-hidden=\"true\">\n\t\t\t\t\t\t\t\t\t\t\t\t\t\t\t<span class=\"elementor-accordion-icon-closed\"><i class=\"fas fa-plus\"><\/i><\/span>\n\t\t\t\t\t\t\t\t<span class=\"elementor-accordion-icon-opened\"><i class=\"fas fa-minus\"><\/i><\/span>\n\t\t\t\t\t\t\t\t\t\t\t\t\t\t<\/span>\n\t\t\t\t\t\t\t\t\t\t\t\t<a class=\"elementor-accordion-title\" tabindex=\"0\">Wir suchen Verst\u00e4rkung \/ Werkstudenten Entwicklung<\/a>\n\t\t\t\t\t<\/div>\n\t\t\t\t\t<div id=\"elementor-tab-content-2301\" class=\"elementor-tab-content elementor-clearfix\" data-tab=\"1\" role=\"region\" aria-labelledby=\"elementor-tab-title-2301\"><p>F\u00fcr die Weiterentwicklung unserer eigenen Plattformen suchen wir Entwickler (Werkstudenten, Senior \/ Junior &#8211; Positionen verf\u00fcgbar). Die Stelle ist f\u00fcr 20-30h\/Woche ausgelegt.<\/p><p>Sie sind verantwortlich f\u00fcr die Erstellung und Pflege verschiedener Software-Module und eingebunden in ein Team von Entwicklern und Anwendern (Fachanwender, nicht Endanwender).<\/p><h4>Das ideale Bewerberprofil<\/h4><ul><li>Erfahrung im Betrieb von 24\/7 &#8211; IT-Infrastruktur<\/li><li>Security-affin<\/li><li>gutes Verst\u00e4ndnis von Netzen, Servern und Services<\/li><li>Teamf\u00e4hig und Verst\u00e4ndnis f\u00fcr Entwickler, Tester und Benutzer<\/li><li>Du wei\u00dft, was Deploymentzyklen sind und kannst diese begleiten und weiterentwickeln<\/li><li>Spa\u00df am Testen und Erarbeiten von L\u00f6sungen mit dem Team<\/li><li>Python3 etwas \u00fcber Junior-Niveau<\/li><li>Linux, Automation, Monitoring<\/li><li>Selbst\u00e4ndigkeit und Selbstorganisation<\/li><\/ul><h4>Was wir bieten<\/h4><ul><li>hohes Ma\u00df an eigenst\u00e4ndigem Arbeiten<\/li><li>moderne Technologien<\/li><li>anst\u00e4ndige Bezahlung<\/li><li>wir haben unser eigenes Cybier<\/li><li>hauseigenes Catering bei Events<\/li><li>ausreichend Freiraum f\u00fcr F&amp;E &#8211; T\u00e4tigkeiten \u2013\u00a0 sofern Interesse deinerseits vorhanden ist<\/li><li>Remote-Arbeit m\u00f6glich, aber ab und an wirst Du eine Woche in Kiel mit uns im HQ verbringen m\u00fcssen (aktuell ca. 4x\/Jahr)<\/li><\/ul><h4>About us<\/h4><p>Die zeroBS GmbH bietet Beratungs- und Entwicklungsdienstleistungen im Bereich Informations- und Datensicherheit f\u00fcr Rechenzentren, E-Commerce, Datenaustausch und Telekommunikation.<br \/>Wir entwickeln Systeme und Produkte f\u00fcr Banken und Versicherungen, beliefern weltweit CERTs und SOCs mit Daten und Analysen &#8211; und haben eigene Produkte im Security-Umfeld etabliert.<\/p><p>Bei Interesse an dem Arbeitsangebot freuen wir uns auf eine Bewerbung an: jobs@zero.bs<\/p><\/div>\n\t\t\t\t<\/div>\n\t\t\t\t\t\t\t<div class=\"elementor-accordion-item\">\n\t\t\t\t\t<div id=\"elementor-tab-title-2302\" class=\"elementor-tab-title\" data-tab=\"2\" role=\"button\" aria-controls=\"elementor-tab-content-2302\" aria-expanded=\"false\">\n\t\t\t\t\t\t\t\t\t\t\t\t\t<span class=\"elementor-accordion-icon elementor-accordion-icon-left\" aria-hidden=\"true\">\n\t\t\t\t\t\t\t\t\t\t\t\t\t\t\t<span class=\"elementor-accordion-icon-closed\"><i class=\"fas fa-plus\"><\/i><\/span>\n\t\t\t\t\t\t\t\t<span class=\"elementor-accordion-icon-opened\"><i class=\"fas fa-minus\"><\/i><\/span>\n\t\t\t\t\t\t\t\t\t\t\t\t\t\t<\/span>\n\t\t\t\t\t\t\t\t\t\t\t\t<a class=\"elementor-accordion-title\" tabindex=\"0\">Reinforcement wanted \u2013 Working students \u2013 Development<\/a>\n\t\t\t\t\t<\/div>\n\t\t\t\t\t<div id=\"elementor-tab-content-2302\" class=\"elementor-tab-content elementor-clearfix\" data-tab=\"2\" role=\"region\" aria-labelledby=\"elementor-tab-title-2302\">For the further development of our own platforms, we are looking for developers (working students, senior \/ junior &#8211; positions available). The position is designed for 20-30h\/week.\n\nYou are responsible for the creation and maintenance of various software modules and integrated into a team of developers and users (expert users, not end users).\n<h4>Ideal candidate profile:<\/h4>\n<ul>\n \t<li>Experience in the operation of 24\/7 IT infrastructure<\/li>\n \t<li>Security-affine<\/li>\n \t<li>Good understanding of networks, servers and services<\/li>\n \t<li>Team player and understanding of developers, testers and users<\/li>\n \t<li>You know what deployment cycles are and can accompany and develop them further<\/li>\n \t<li>Enjoy testing and developing solutions with the team<\/li>\n \t<li>Python3 a little above junior level<\/li>\n \t<li>Linux, automation, monitoring<\/li>\n \t<li>Independence and self-organisation<\/li>\n<\/ul>\n<h4>What we offer<\/h4>\n<ul>\n \t<li>high degree of independent work<\/li>\n \t<li>modern technologies<\/li>\n \t<li>decent payment<\/li>\n \t<li>we have our own cyb(i)eer<\/li>\n \t<li>in-house catering for events<\/li>\n \t<li>enough space for R&amp;D &#8211; activities, if you are interested in it<\/li>\n \t<li>remote work possible, but you will have to spend a week in Kiel with us at HQ (about four times per year)<\/li>\n<\/ul>\n<h4>About<\/h4>\nzeroBS offers consulting and development services in the field of information and data security for data centres, e-commerce, data exchange and telecommunications.\n\nWe develop systems and products for banks and insurance companies, supply CERTs and SOCs worldwide with data and analyses and have established our own products in the security environment.\n\nif you are interested, we look forward to receiving your application at <a href=\"mailto:jobs@zero.bs\">jobs@zero.bs<\/a><\/div>\n\t\t\t\t<\/div>\n\t\t\t\t\t\t\t\t<\/div>\n\t\t\t\t\t\t<\/div>\n\t\t\t\t<\/div>\n\t\t\t\t\t<\/div>\n\t\t<\/div>\n\t\t\t\t\t<\/div>\n\t\t<\/section>\n\t\t\t\t<\/div>","protected":false},"excerpt":{"rendered":"<p>Jobs Wir suchen Verst\u00e4rkung \/ Werkstudenten im Admin- \/ Operating-Team Zum Betrieb webbasierter Infrastruktur suchen wir Verst\u00e4rkung im&#8230;<\/p>","protected":false},"author":2,"featured_media":0,"parent":0,"menu_order":0,"comment_status":"closed","ping_status":"closed","template":"","meta":{"_acf_changed":false,"footnotes":""},"class_list":["post-30737","page","type-page","status-publish","hentry"],"acf":[],"_links":{"self":[{"href":"https:\/\/zero.bs\/en\/wp-json\/wp\/v2\/pages\/30737","targetHints":{"allow":["GET"]}}],"collection":[{"href":"https:\/\/zero.bs\/en\/wp-json\/wp\/v2\/pages"}],"about":[{"href":"https:\/\/zero.bs\/en\/wp-json\/wp\/v2\/types\/page"}],"author":[{"embeddable":true,"href":"https:\/\/zero.bs\/en\/wp-json\/wp\/v2\/users\/2"}],"replies":[{"embeddable":true,"href":"https:\/\/zero.bs\/en\/wp-json\/wp\/v2\/comments?post=30737"}],"version-history":[{"count":0,"href":"https:\/\/zero.bs\/en\/wp-json\/wp\/v2\/pages\/30737\/revisions"}],"wp:attachment":[{"href":"https:\/\/zero.bs\/en\/wp-json\/wp\/v2\/media?parent=30737"}],"curies":[{"name":"wp","href":"https:\/\/api.w.org\/{rel}","templated":true}]}}